{"id":3380,"date":"2025-04-01T09:49:30","date_gmt":"2025-04-01T09:49:30","guid":{"rendered":"https:\/\/www.camping-gca.com\/gestionar-las-cookies\/"},"modified":"2025-09-01T12:01:43","modified_gmt":"2025-09-01T12:01:43","slug":"gestionar-las-cookies","status":"publish","type":"page","link":"https:\/\/www.camping-gca.com\/es\/gestionar-las-cookies\/","title":{"rendered":"Gestionar las cookies"},"content":{"rendered":"\t\t<div data-elementor-type=\"wp-page\" data-elementor-id=\"3380\" class=\"elementor elementor-3380 elementor-1858\" data-elementor-post-type=\"page\">\n\t\t\t\t<section class=\"elementor-element elementor-element-c0ba4d2 e-flex e-con-boxed e-con e-parent\" data-id=\"c0ba4d2\" data-element_type=\"container\" data-e-type=\"container\" data-settings=\"{&quot;background_background&quot;:&quot;classic&quot;}\">\n\t\t\t\t\t<div class=\"e-con-inner\">\n\t\t<div class=\"elementor-element elementor-element-31badfd e-flex e-con-boxed e-con e-child\" data-id=\"31badfd\" data-element_type=\"container\" data-e-type=\"container\" data-settings=\"{&quot;background_background&quot;:&quot;classic&quot;}\">\n\t\t\t\t\t<div class=\"e-con-inner\">\n\t\t<div class=\"elementor-element elementor-element-966acdf e-con-full e-flex e-con e-child\" data-id=\"966acdf\" data-element_type=\"container\" data-e-type=\"container\">\n\t\t<div class=\"elementor-element elementor-element-9271318 e-con-full e-flex e-con e-child\" data-id=\"9271318\" data-element_type=\"container\" data-e-type=\"container\">\n\t\t\t\t<div class=\"elementor-element elementor-element-3470cb9 animated-slow elementor-invisible elementor-widget elementor-widget-heading\" data-id=\"3470cb9\" data-element_type=\"widget\" data-e-type=\"widget\" data-settings=\"{&quot;_animation&quot;:&quot;fadeIn&quot;}\" data-widget_type=\"heading.default\">\n\t\t\t\t\t<span class=\"elementor-heading-title elementor-size-default\">\u00c1REA NATURAL LES GRANDS CHENES ET LES AJONCS<\/span>\t\t\t\t<\/div>\n\t\t\t\t<div class=\"elementor-element elementor-element-e9b7deb animated-slow elementor-invisible elementor-widget elementor-widget-heading\" data-id=\"e9b7deb\" data-element_type=\"widget\" data-e-type=\"widget\" data-settings=\"{&quot;_animation&quot;:&quot;fadeIn&quot;}\" data-widget_type=\"heading.default\">\n\t\t\t\t\t<h1 class=\"elementor-heading-title elementor-size-default\">Cookies \"m\u00e1s informaci\u00f3n\"<\/h1>\t\t\t\t<\/div>\n\t\t\t\t<\/div>\n\t\t\t\t<\/div>\n\t\t\t\t<div class=\"elementor-element elementor-element-a3394ff elementor-absolute elementor-widget elementor-widget-image\" data-id=\"a3394ff\" data-element_type=\"widget\" data-e-type=\"widget\" data-settings=\"{&quot;_position&quot;:&quot;absolute&quot;}\" data-widget_type=\"image.default\">\n\t\t\t\t\t\t\t\t\t\t\t\t\t\t\t<img fetchpriority=\"high\" decoding=\"async\" width=\"253\" height=\"287\" src=\"https:\/\/www.camping-gca.com\/wp-content\/uploads\/2025\/03\/feuilles.png\" class=\"attachment-large size-large wp-image-3381\" alt=\"\" \/>\t\t\t\t\t\t\t\t\t\t\t\t\t\t\t<\/div>\n\t\t\t\t<div class=\"elementor-element elementor-element-9e9521f elementor-absolute elementor-widget elementor-widget-image\" data-id=\"9e9521f\" data-element_type=\"widget\" data-e-type=\"widget\" data-settings=\"{&quot;_position&quot;:&quot;absolute&quot;}\" data-widget_type=\"image.default\">\n\t\t\t\t\t\t\t\t\t\t\t\t\t\t\t<img decoding=\"async\" width=\"242\" height=\"264\" src=\"https:\/\/www.camping-gca.com\/wp-content\/uploads\/2025\/03\/feuille1.png\" class=\"attachment-large size-large wp-image-3382\" alt=\"\" \/>\t\t\t\t\t\t\t\t\t\t\t\t\t\t\t<\/div>\n\t\t\t\t\t<\/div>\n\t\t\t\t<\/div>\n\t\t\t\t\t<\/div>\n\t\t\t\t<\/section>\n\t\t<div class=\"elementor-element elementor-element-7a659d2 e-flex e-con-boxed e-con e-parent\" data-id=\"7a659d2\" data-element_type=\"container\" data-e-type=\"container\">\n\t\t\t\t\t<div class=\"e-con-inner\">\n\t\t\t\t<div class=\"elementor-element elementor-element-4690d62 elementor-widget elementor-widget-global elementor-global-150 elementor-widget-spacer\" data-id=\"4690d62\" data-element_type=\"widget\" data-e-type=\"widget\" data-widget_type=\"spacer.default\">\n\t\t\t\t\t\t\t<div class=\"elementor-spacer\">\n\t\t\t<div class=\"elementor-spacer-inner\"><\/div>\n\t\t<\/div>\n\t\t\t\t\t\t<\/div>\n\t\t\t\t<div class=\"elementor-element elementor-element-d65f407 elementor-widget elementor-widget-text-editor\" data-id=\"d65f407\" data-element_type=\"widget\" data-e-type=\"widget\" data-widget_type=\"text-editor.default\">\n\t\t\t\t\t\t\t\t\t<p><strong>Definici\u00f3n de una cookie<\/strong><\/p>\n<p>Las cookies son peque\u00f1os archivos de texto que los sitios web colocan en tu dispositivo cuando navegas por Internet. Como muchos sitios web, utilizamos cookies para conocer el uso y el rendimiento de nuestro sitio y mejorar su funcionamiento. Por dispositivo se entiende: ordenador, m\u00f3vil o tableta.  <\/p>\t\t\t\t\t\t\t\t<\/div>\n\t\t\t\t<div class=\"elementor-element elementor-element-66b1417 elementor-widget elementor-widget-text-editor\" data-id=\"66b1417\" data-element_type=\"widget\" data-e-type=\"widget\" data-widget_type=\"text-editor.default\">\n\t\t\t\t\t\t\t\t\t<p><strong>Diferentes tipos de cookies<\/strong><\/p>\n<p><i><br><\/i><strong><i>Cookie espec\u00edfica del sitio<\/i><\/strong><\/p>\n<p>Estas son las cookies necesarias para el correcto funcionamiento de nuestro sitio. Te permiten utilizar las principales funciones de nuestro sitio. Sin estas cookies, no podr\u00e1s utilizar nuestro sitio normalmente.  <\/p>\n<p><strong><i>Cookie de seguimiento<\/i><\/strong><\/p>\n<p>Estas son las cookies que nos permiten conocer el uso y el rendimiento de nuestro sitio y mejorar su funcionamiento.<\/p>\n<p><strong><i>Cookie de terceros<\/i><\/strong><\/p>\n<p>Las cookies de terceros m\u00e1s utilizadas, por per\u00edodo, son generalmente utilizadas por servicios de an\u00e1lisis de audiencia y por diferentes herramientas de marketing. No se utiliza ninguna cookie de terceros de rastreador publicitario en nuestro sitio web. Al continuar navegando, nos autorizas a colocar cookies con fines de medici\u00f3n de audiencia.  <\/p>\t\t\t\t\t\t\t\t<\/div>\n\t\t<div class=\"elementor-element elementor-element-e3882a1 e-con-full e-flex e-con e-child\" data-id=\"e3882a1\" data-element_type=\"container\" data-e-type=\"container\">\n\t\t\t\t<div class=\"elementor-element elementor-element-d49f0cf elementor-widget elementor-widget-text-editor\" data-id=\"d49f0cf\" data-element_type=\"widget\" data-e-type=\"widget\" data-widget_type=\"text-editor.default\">\n\t\t\t\t\t\t\t\t\t<p><strong>Aceptar o rechazar las cookies<\/strong><\/p>\n<p>Puedes elegir desactivar estas cookies en cualquier momento. Tu navegador tambi\u00e9n se puede configurar para avisarte de las cookies que se colocan en tu dispositivo y pedirte que las aceptes o no. Puedes aceptar o rechazar las cookies caso por caso o rechazarlas sistem\u00e1ticamente de una vez por todas.<br>Te recordamos que la configuraci\u00f3n puede modificar tus condiciones de acceso a nuestros servicios que requieren el uso de cookies.<br>Si tu navegador est\u00e1 configurado para rechazar todas las cookies, no podr\u00e1s disfrutar de las funciones esenciales de nuestro sitio. Para elegir las cookies que m\u00e1s se ajusten a tus expectativas, te invitamos a configurar tu navegador.   <\/p>\t\t\t\t\t\t\t\t<\/div>\n\t\t\t\t<div class=\"elementor-element elementor-element-af81a7b elementor-widget elementor-widget-text-editor\" data-id=\"af81a7b\" data-element_type=\"widget\" data-e-type=\"widget\" data-widget_type=\"text-editor.default\">\n\t\t\t\t\t\t\t\t\t<p><strong>Configuraci\u00f3n de tu navegador<\/strong><\/p>\n<p>La configuraci\u00f3n de cada navegador es diferente. Se describe en el men\u00fa de ayuda de tu navegador, que te permitir\u00e1 saber c\u00f3mo modificar tus preferencias en materia de cookies. <\/p>\t\t\t\t\t\t\t\t<\/div>\n\t\t\t\t<div class=\"elementor-element elementor-element-33470d2 elementor-widget elementor-widget-text-editor\" data-id=\"33470d2\" data-element_type=\"widget\" data-e-type=\"widget\" data-widget_type=\"text-editor.default\">\n\t\t\t\t\t\t\t\t\t<p><strong>Puedes desactivar las cookies siguiendo estas instrucciones:<\/strong><\/p>\t\t\t\t\t\t\t\t<\/div>\n\t\t\t\t<div class=\"elementor-element elementor-element-b6bacfa elementor-widget elementor-widget-text-editor\" data-id=\"b6bacfa\" data-element_type=\"widget\" data-e-type=\"widget\" data-widget_type=\"text-editor.default\">\n\t\t\t\t\t\t\t\t\t<p><strong>Si utilizas el navegador Microsoft Edge<\/strong><br>En Microsoft Edge, haz clic en el bot\u00f3n Herramientas y luego en Opciones de Internet.<br>En la pesta\u00f1a General, bajo Historial de navegaci\u00f3n, haz clic en Configuraci\u00f3n.<br>Haz clic en el bot\u00f3n \u00abMostrar archivos\u00bb.<br>Haz clic en el encabezado de la columna Nombre para ordenar todos los archivos alfab\u00e9ticamente, luego busca los archivos con el prefijo \u00abCookie\u00bb. Todas las cookies con este prefijo suelen contener el nombre del sitio web que cre\u00f3 la cookie.<br>Selecciona la(s) cookie(s) con nuestro nombre de dominio y elim\u00ednalas.<br>Cierra la ventana que contiene la lista de archivos y haz clic dos veces en Aceptar para volver a Microsoft Edge. <\/p>\t\t\t\t\t\t\t\t<\/div>\n\t\t\t\t<div class=\"elementor-element elementor-element-d3776a0 elementor-widget elementor-widget-text-editor\" data-id=\"d3776a0\" data-element_type=\"widget\" data-e-type=\"widget\" data-widget_type=\"text-editor.default\">\n\t\t\t\t\t\t\t\t\t<p><strong>Si utilizas el navegador Firefox<\/strong><br>Ve a la pesta\u00f1a \u00abHerramientas\u00bb del navegador y selecciona el men\u00fa \u00abOpciones\u00bb<br>En la ventana que aparece, elige \u00abPrivacidad\u00bb y haz clic en \u00abMostrar cookies\u00bb<br>Selecciona la(s) cookie(s) con nuestro nombre de dominio y elim\u00ednalas<\/p>\t\t\t\t\t\t\t\t<\/div>\n\t\t\t\t<div class=\"elementor-element elementor-element-f1331e4 elementor-widget elementor-widget-text-editor\" data-id=\"f1331e4\" data-element_type=\"widget\" data-e-type=\"widget\" data-widget_type=\"text-editor.default\">\n\t\t\t\t\t\t\t\t\t<p><strong>Si utilizas el navegador Safari<\/strong><br>En tu navegador, elige el men\u00fa Edici\u00f3n &gt; Preferencias.<br>Haz clic en Seguridad.<br>Haz clic en Mostrar cookies.<br>Selecciona la(s) cookie(s) con nuestro nombre de dominio y haz clic en Eliminar o en Eliminar todo. Despu\u00e9s de eliminar las cookies, haz clic en Hecho. <\/p>\t\t\t\t\t\t\t\t<\/div>\n\t\t\t\t<div class=\"elementor-element elementor-element-dfaa60c elementor-widget elementor-widget-text-editor\" data-id=\"dfaa60c\" data-element_type=\"widget\" data-e-type=\"widget\" data-widget_type=\"text-editor.default\">\n\t\t\t\t\t\t\t\t\t<p><strong>Si utilizas el navegador Google Chrome<\/strong><br>Haz clic en el icono del men\u00fa Herramientas.<br>Selecciona Opciones.<br>Haz clic en la pesta\u00f1a Opciones avanzadas y accede a la secci\u00f3n \u00abPrivacidad\u00bb.<br>Haz clic en el bot\u00f3n Mostrar cookies.<br>Selecciona la(s) cookie(s) con nuestro nombre de dominio y elim\u00ednalas.<br>Haz clic en \u00abCerrar\u00bb para volver a tu navegador<\/p>\t\t\t\t\t\t\t\t<\/div>\n\t\t\t\t<div class=\"elementor-element elementor-element-f8839ee elementor-widget elementor-widget-text-editor\" data-id=\"f8839ee\" data-element_type=\"widget\" data-e-type=\"widget\" data-widget_type=\"text-editor.default\">\n\t\t\t\t\t\t\t\t\t<p><strong>Botones de compartir en redes sociales<\/strong><\/p>\n<p>Nuestro sitio web puede utilizar aplicaciones inform\u00e1ticas de terceros que te permiten compartir contenidos del sitio con otras personas o informar a estas otras personas sobre tu consulta u opini\u00f3n sobre un contenido de nuestro sitio.<br>Ejemplo: Los botones \u00abCompartir\u00bb de redes sociales como \u00abFacebook\u00bb, \u00abTwitter\u00bb, etc.<br>M\u00e1s informaci\u00f3n sobre las cookies en el sitio de la CNIL: <a href=\"https:\/\/www.cnil.fr\/fr\/cookies-et-autres-traceurs\/comment-se-proteger\/maitriser-votre-navigateur\">https:\/\/www.cnil.fr\/fr\/cookies-et-autres-traceurs\/comment-se-proteger\/maitriser-votre-navigateur<\/a> <\/p>\t\t\t\t\t\t\t\t<\/div>\n\t\t\t\t<div class=\"elementor-element elementor-element-dc052f4 elementor-widget elementor-widget-global elementor-global-150 elementor-widget-spacer\" data-id=\"dc052f4\" data-element_type=\"widget\" data-e-type=\"widget\" data-widget_type=\"spacer.default\">\n\t\t\t\t\t\t\t<div class=\"elementor-spacer\">\n\t\t\t<div class=\"elementor-spacer-inner\"><\/div>\n\t\t<\/div>\n\t\t\t\t\t\t<\/div>\n\t\t\t\t<\/div>\n\t\t\t\t\t<\/div>\n\t\t\t\t<\/div>\n\t\t\t\t<\/div>\n\t\t","protected":false},"excerpt":{"rendered":"<p>\u00c1REA NATURAL LES GRANDS CHENES ET LES AJONCS Cookies \u00abm\u00e1s informaci\u00f3n\u00bb Definici\u00f3n de una cookie Las cookies son peque\u00f1os archivos de texto que los sitios web colocan en tu dispositivo cuando navegas por Internet. Como muchos sitios web, utilizamos cookies para conocer el uso y el rendimiento de nuestro sitio y mejorar su funcionamiento. Por [&hellip;]<\/p>\n","protected":false},"author":1,"featured_media":0,"parent":0,"menu_order":0,"comment_status":"closed","ping_status":"closed","template":"","meta":{"_acf_changed":false,"footnotes":""},"class_list":["post-3380","page","type-page","status-publish","hentry"],"acf":[],"yoast_head":"<!-- This site is optimized with the Yoast SEO plugin v26.8 - https:\/\/yoast.com\/product\/yoast-seo-wordpress\/ -->\n<title>Cookies &quot;M\u00e1s informaci\u00f3n&quot; | Camping GCA, camping en Gironda<\/title>\n<meta name=\"description\" content=\"P\u00e1gina de cookies &quot;M\u00e1s informaci\u00f3n&quot; del camping GCA, \u00e1rea natural de camping en Gironda cerca de Hourtin en Naujac-sur-Mer.\" \/>\n<meta name=\"robots\" content=\"index, follow, max-snippet:-1, max-image-preview:large, max-video-preview:-1\" \/>\n<link rel=\"canonical\" href=\"https:\/\/www.camping-gca.com\/es\/gestionar-las-cookies\/\" \/>\n<meta property=\"og:locale\" content=\"es_ES\" \/>\n<meta property=\"og:type\" content=\"article\" \/>\n<meta property=\"og:title\" content=\"Cookies &quot;M\u00e1s informaci\u00f3n&quot; | Camping GCA, camping en Gironda\" \/>\n<meta property=\"og:description\" content=\"P\u00e1gina de cookies &quot;M\u00e1s informaci\u00f3n&quot; del camping GCA, \u00e1rea natural de camping en Gironda cerca de Hourtin en Naujac-sur-Mer.\" \/>\n<meta property=\"og:url\" content=\"https:\/\/www.camping-gca.com\/es\/gestionar-las-cookies\/\" \/>\n<meta property=\"og:site_name\" content=\"Camping GCA\" \/>\n<meta property=\"article:modified_time\" content=\"2025-09-01T12:01:43+00:00\" \/>\n<meta property=\"og:image\" content=\"https:\/\/www.camping-gca.com\/wp-content\/uploads\/2025\/03\/feuilles.png\" \/>\n\t<meta property=\"og:image:width\" content=\"253\" \/>\n\t<meta property=\"og:image:height\" content=\"287\" \/>\n\t<meta property=\"og:image:type\" content=\"image\/png\" \/>\n<meta name=\"twitter:card\" content=\"summary_large_image\" \/>\n<meta name=\"twitter:label1\" content=\"Tiempo de lectura\" \/>\n\t<meta name=\"twitter:data1\" content=\"3 minutos\" \/>\n<script type=\"application\/ld+json\" class=\"yoast-schema-graph\">{\"@context\":\"https:\/\/schema.org\",\"@graph\":[{\"@type\":\"WebPage\",\"@id\":\"https:\/\/www.camping-gca.com\/es\/gestionar-las-cookies\/\",\"url\":\"https:\/\/www.camping-gca.com\/es\/gestionar-las-cookies\/\",\"name\":\"Cookies \\\"M\u00e1s informaci\u00f3n\\\" | Camping GCA, camping en Gironda\",\"isPartOf\":{\"@id\":\"https:\/\/www.camping-gca.com\/#website\"},\"primaryImageOfPage\":{\"@id\":\"https:\/\/www.camping-gca.com\/es\/gestionar-las-cookies\/#primaryimage\"},\"image\":{\"@id\":\"https:\/\/www.camping-gca.com\/es\/gestionar-las-cookies\/#primaryimage\"},\"thumbnailUrl\":\"https:\/\/www.camping-gca.com\/wp-content\/uploads\/2025\/03\/feuilles.png\",\"datePublished\":\"2025-04-01T09:49:30+00:00\",\"dateModified\":\"2025-09-01T12:01:43+00:00\",\"description\":\"P\u00e1gina de cookies \\\"M\u00e1s informaci\u00f3n\\\" del camping GCA, \u00e1rea natural de camping en Gironda cerca de Hourtin en Naujac-sur-Mer.\",\"breadcrumb\":{\"@id\":\"https:\/\/www.camping-gca.com\/es\/gestionar-las-cookies\/#breadcrumb\"},\"inLanguage\":\"es\",\"potentialAction\":[{\"@type\":\"ReadAction\",\"target\":[\"https:\/\/www.camping-gca.com\/es\/gestionar-las-cookies\/\"]}]},{\"@type\":\"ImageObject\",\"inLanguage\":\"es\",\"@id\":\"https:\/\/www.camping-gca.com\/es\/gestionar-las-cookies\/#primaryimage\",\"url\":\"https:\/\/www.camping-gca.com\/wp-content\/uploads\/2025\/03\/feuilles.png\",\"contentUrl\":\"https:\/\/www.camping-gca.com\/wp-content\/uploads\/2025\/03\/feuilles.png\"},{\"@type\":\"BreadcrumbList\",\"@id\":\"https:\/\/www.camping-gca.com\/es\/gestionar-las-cookies\/#breadcrumb\",\"itemListElement\":[{\"@type\":\"ListItem\",\"position\":1,\"name\":\"Accueil\",\"item\":\"https:\/\/www.camping-gca.com\/es\/inicio\/\"},{\"@type\":\"ListItem\",\"position\":2,\"name\":\"Gestionar las cookies\"}]},{\"@type\":\"WebSite\",\"@id\":\"https:\/\/www.camping-gca.com\/#website\",\"url\":\"https:\/\/www.camping-gca.com\/\",\"name\":\"Camping GCA\",\"description\":\"\",\"publisher\":{\"@id\":\"https:\/\/www.camping-gca.com\/#organization\"},\"alternateName\":\"Camping GCA\",\"potentialAction\":[{\"@type\":\"SearchAction\",\"target\":{\"@type\":\"EntryPoint\",\"urlTemplate\":\"https:\/\/www.camping-gca.com\/?s={search_term_string}\"},\"query-input\":{\"@type\":\"PropertyValueSpecification\",\"valueRequired\":true,\"valueName\":\"search_term_string\"}}],\"inLanguage\":\"es\"},{\"@type\":\"Organization\",\"@id\":\"https:\/\/www.camping-gca.com\/#organization\",\"name\":\"Camping GCA\",\"alternateName\":\"Camping GCA\",\"url\":\"https:\/\/www.camping-gca.com\/\",\"logo\":{\"@type\":\"ImageObject\",\"inLanguage\":\"es\",\"@id\":\"https:\/\/www.camping-gca.com\/#\/schema\/logo\/image\/\",\"url\":\"\",\"contentUrl\":\"\",\"caption\":\"Camping GCA\"},\"image\":{\"@id\":\"https:\/\/www.camping-gca.com\/#\/schema\/logo\/image\/\"}}]}<\/script>\n<!-- \/ Yoast SEO plugin. -->","yoast_head_json":{"title":"Cookies \"M\u00e1s informaci\u00f3n\" | Camping GCA, camping en Gironda","description":"P\u00e1gina de cookies \"M\u00e1s informaci\u00f3n\" del camping GCA, \u00e1rea natural de camping en Gironda cerca de Hourtin en Naujac-sur-Mer.","robots":{"index":"index","follow":"follow","max-snippet":"max-snippet:-1","max-image-preview":"max-image-preview:large","max-video-preview":"max-video-preview:-1"},"canonical":"https:\/\/www.camping-gca.com\/es\/gestionar-las-cookies\/","og_locale":"es_ES","og_type":"article","og_title":"Cookies \"M\u00e1s informaci\u00f3n\" | Camping GCA, camping en Gironda","og_description":"P\u00e1gina de cookies \"M\u00e1s informaci\u00f3n\" del camping GCA, \u00e1rea natural de camping en Gironda cerca de Hourtin en Naujac-sur-Mer.","og_url":"https:\/\/www.camping-gca.com\/es\/gestionar-las-cookies\/","og_site_name":"Camping GCA","article_modified_time":"2025-09-01T12:01:43+00:00","og_image":[{"width":253,"height":287,"url":"https:\/\/www.camping-gca.com\/wp-content\/uploads\/2025\/03\/feuilles.png","type":"image\/png"}],"twitter_card":"summary_large_image","twitter_misc":{"Tiempo de lectura":"3 minutos"},"schema":{"@context":"https:\/\/schema.org","@graph":[{"@type":"WebPage","@id":"https:\/\/www.camping-gca.com\/es\/gestionar-las-cookies\/","url":"https:\/\/www.camping-gca.com\/es\/gestionar-las-cookies\/","name":"Cookies \"M\u00e1s informaci\u00f3n\" | Camping GCA, camping en Gironda","isPartOf":{"@id":"https:\/\/www.camping-gca.com\/#website"},"primaryImageOfPage":{"@id":"https:\/\/www.camping-gca.com\/es\/gestionar-las-cookies\/#primaryimage"},"image":{"@id":"https:\/\/www.camping-gca.com\/es\/gestionar-las-cookies\/#primaryimage"},"thumbnailUrl":"https:\/\/www.camping-gca.com\/wp-content\/uploads\/2025\/03\/feuilles.png","datePublished":"2025-04-01T09:49:30+00:00","dateModified":"2025-09-01T12:01:43+00:00","description":"P\u00e1gina de cookies \"M\u00e1s informaci\u00f3n\" del camping GCA, \u00e1rea natural de camping en Gironda cerca de Hourtin en Naujac-sur-Mer.","breadcrumb":{"@id":"https:\/\/www.camping-gca.com\/es\/gestionar-las-cookies\/#breadcrumb"},"inLanguage":"es","potentialAction":[{"@type":"ReadAction","target":["https:\/\/www.camping-gca.com\/es\/gestionar-las-cookies\/"]}]},{"@type":"ImageObject","inLanguage":"es","@id":"https:\/\/www.camping-gca.com\/es\/gestionar-las-cookies\/#primaryimage","url":"https:\/\/www.camping-gca.com\/wp-content\/uploads\/2025\/03\/feuilles.png","contentUrl":"https:\/\/www.camping-gca.com\/wp-content\/uploads\/2025\/03\/feuilles.png"},{"@type":"BreadcrumbList","@id":"https:\/\/www.camping-gca.com\/es\/gestionar-las-cookies\/#breadcrumb","itemListElement":[{"@type":"ListItem","position":1,"name":"Accueil","item":"https:\/\/www.camping-gca.com\/es\/inicio\/"},{"@type":"ListItem","position":2,"name":"Gestionar las cookies"}]},{"@type":"WebSite","@id":"https:\/\/www.camping-gca.com\/#website","url":"https:\/\/www.camping-gca.com\/","name":"Camping GCA","description":"","publisher":{"@id":"https:\/\/www.camping-gca.com\/#organization"},"alternateName":"Camping GCA","potentialAction":[{"@type":"SearchAction","target":{"@type":"EntryPoint","urlTemplate":"https:\/\/www.camping-gca.com\/?s={search_term_string}"},"query-input":{"@type":"PropertyValueSpecification","valueRequired":true,"valueName":"search_term_string"}}],"inLanguage":"es"},{"@type":"Organization","@id":"https:\/\/www.camping-gca.com\/#organization","name":"Camping GCA","alternateName":"Camping GCA","url":"https:\/\/www.camping-gca.com\/","logo":{"@type":"ImageObject","inLanguage":"es","@id":"https:\/\/www.camping-gca.com\/#\/schema\/logo\/image\/","url":"","contentUrl":"","caption":"Camping GCA"},"image":{"@id":"https:\/\/www.camping-gca.com\/#\/schema\/logo\/image\/"}}]}},"_links":{"self":[{"href":"https:\/\/www.camping-gca.com\/es\/wp-json\/wp\/v2\/pages\/3380","targetHints":{"allow":["GET"]}}],"collection":[{"href":"https:\/\/www.camping-gca.com\/es\/wp-json\/wp\/v2\/pages"}],"about":[{"href":"https:\/\/www.camping-gca.com\/es\/wp-json\/wp\/v2\/types\/page"}],"author":[{"embeddable":true,"href":"https:\/\/www.camping-gca.com\/es\/wp-json\/wp\/v2\/users\/1"}],"replies":[{"embeddable":true,"href":"https:\/\/www.camping-gca.com\/es\/wp-json\/wp\/v2\/comments?post=3380"}],"version-history":[{"count":1,"href":"https:\/\/www.camping-gca.com\/es\/wp-json\/wp\/v2\/pages\/3380\/revisions"}],"predecessor-version":[{"id":3383,"href":"https:\/\/www.camping-gca.com\/es\/wp-json\/wp\/v2\/pages\/3380\/revisions\/3383"}],"wp:attachment":[{"href":"https:\/\/www.camping-gca.com\/es\/wp-json\/wp\/v2\/media?parent=3380"}],"curies":[{"name":"wp","href":"https:\/\/api.w.org\/{rel}","templated":true}]}}