{"id":3386,"date":"2025-04-01T09:49:30","date_gmt":"2025-04-01T09:49:30","guid":{"rendered":"https:\/\/www.camping-gca.com\/cookies-verwalten\/"},"modified":"2025-09-01T12:02:19","modified_gmt":"2025-09-01T12:02:19","slug":"cookies-verwalten","status":"publish","type":"page","link":"https:\/\/www.camping-gca.com\/de\/cookies-verwalten\/","title":{"rendered":"Cookies verwalten"},"content":{"rendered":"\t\t<div data-elementor-type=\"wp-page\" data-elementor-id=\"3386\" class=\"elementor elementor-3386 elementor-1858\" data-elementor-post-type=\"page\">\n\t\t\t\t<section class=\"elementor-element elementor-element-c0ba4d2 e-flex e-con-boxed e-con e-parent\" data-id=\"c0ba4d2\" data-element_type=\"container\" data-e-type=\"container\" data-settings=\"{&quot;background_background&quot;:&quot;classic&quot;}\">\n\t\t\t\t\t<div class=\"e-con-inner\">\n\t\t<div class=\"elementor-element elementor-element-31badfd e-flex e-con-boxed e-con e-child\" data-id=\"31badfd\" data-element_type=\"container\" data-e-type=\"container\" data-settings=\"{&quot;background_background&quot;:&quot;classic&quot;}\">\n\t\t\t\t\t<div class=\"e-con-inner\">\n\t\t<div class=\"elementor-element elementor-element-966acdf e-con-full e-flex e-con e-child\" data-id=\"966acdf\" data-element_type=\"container\" data-e-type=\"container\">\n\t\t<div class=\"elementor-element elementor-element-9271318 e-con-full e-flex e-con e-child\" data-id=\"9271318\" data-element_type=\"container\" data-e-type=\"container\">\n\t\t\t\t<div class=\"elementor-element elementor-element-3470cb9 animated-slow elementor-invisible elementor-widget elementor-widget-heading\" data-id=\"3470cb9\" data-element_type=\"widget\" data-e-type=\"widget\" data-settings=\"{&quot;_animation&quot;:&quot;fadeIn&quot;}\" data-widget_type=\"heading.default\">\n\t\t\t\t\t<span class=\"elementor-heading-title elementor-size-default\">NATURCAMPINGPLATZ LES GRANDS CHENES ET LES AJONCS<\/span>\t\t\t\t<\/div>\n\t\t\t\t<div class=\"elementor-element elementor-element-e9b7deb animated-slow elementor-invisible elementor-widget elementor-widget-heading\" data-id=\"e9b7deb\" data-element_type=\"widget\" data-e-type=\"widget\" data-settings=\"{&quot;_animation&quot;:&quot;fadeIn&quot;}\" data-widget_type=\"heading.default\">\n\t\t\t\t\t<h1 class=\"elementor-heading-title elementor-size-default\">Cookies \u201eMehr erfahren\u201c<\/h1>\t\t\t\t<\/div>\n\t\t\t\t<\/div>\n\t\t\t\t<\/div>\n\t\t\t\t<div class=\"elementor-element elementor-element-a3394ff elementor-absolute elementor-widget elementor-widget-image\" data-id=\"a3394ff\" data-element_type=\"widget\" data-e-type=\"widget\" data-settings=\"{&quot;_position&quot;:&quot;absolute&quot;}\" data-widget_type=\"image.default\">\n\t\t\t\t\t\t\t\t\t\t\t\t\t\t\t<img fetchpriority=\"high\" decoding=\"async\" width=\"253\" height=\"287\" src=\"https:\/\/www.camping-gca.com\/wp-content\/uploads\/2025\/03\/feuilles.png\" class=\"attachment-large size-large wp-image-3387\" alt=\"\" \/>\t\t\t\t\t\t\t\t\t\t\t\t\t\t\t<\/div>\n\t\t\t\t<div class=\"elementor-element elementor-element-9e9521f elementor-absolute elementor-widget elementor-widget-image\" data-id=\"9e9521f\" data-element_type=\"widget\" data-e-type=\"widget\" data-settings=\"{&quot;_position&quot;:&quot;absolute&quot;}\" data-widget_type=\"image.default\">\n\t\t\t\t\t\t\t\t\t\t\t\t\t\t\t<img decoding=\"async\" width=\"242\" height=\"264\" src=\"https:\/\/www.camping-gca.com\/wp-content\/uploads\/2025\/03\/feuille1.png\" class=\"attachment-large size-large wp-image-3388\" alt=\"\" \/>\t\t\t\t\t\t\t\t\t\t\t\t\t\t\t<\/div>\n\t\t\t\t\t<\/div>\n\t\t\t\t<\/div>\n\t\t\t\t\t<\/div>\n\t\t\t\t<\/section>\n\t\t<div class=\"elementor-element elementor-element-7a659d2 e-flex e-con-boxed e-con e-parent\" data-id=\"7a659d2\" data-element_type=\"container\" data-e-type=\"container\">\n\t\t\t\t\t<div class=\"e-con-inner\">\n\t\t\t\t<div class=\"elementor-element elementor-element-4690d62 elementor-widget elementor-widget-global elementor-global-150 elementor-widget-spacer\" data-id=\"4690d62\" data-element_type=\"widget\" data-e-type=\"widget\" data-widget_type=\"spacer.default\">\n\t\t\t\t\t\t\t<div class=\"elementor-spacer\">\n\t\t\t<div class=\"elementor-spacer-inner\"><\/div>\n\t\t<\/div>\n\t\t\t\t\t\t<\/div>\n\t\t\t\t<div class=\"elementor-element elementor-element-d65f407 elementor-widget elementor-widget-text-editor\" data-id=\"d65f407\" data-element_type=\"widget\" data-e-type=\"widget\" data-widget_type=\"text-editor.default\">\n\t\t\t\t\t\t\t\t\t<p><strong>Definition eines Cookies<\/strong><\/p>\n<p>Cookies sind kleine Textdateien, die von Websites auf deinem Ger\u00e4t platziert werden, wenn du im Web surfst. Wie viele andere Websites verwenden wir Cookies, um die Nutzung und Leistung unserer Website zu verstehen und deren Funktionalit\u00e4t zu verbessern. Unter Ger\u00e4t versteht man: Computer, Mobiltelefon oder Tablet.  <\/p>\t\t\t\t\t\t\t\t<\/div>\n\t\t\t\t<div class=\"elementor-element elementor-element-66b1417 elementor-widget elementor-widget-text-editor\" data-id=\"66b1417\" data-element_type=\"widget\" data-e-type=\"widget\" data-widget_type=\"text-editor.default\">\n\t\t\t\t\t\t\t\t\t<p><strong>Verschiedene Arten von Cookies<\/strong><\/p>\n<p><i><br><\/i><strong><i>Website-spezifischer Cookie<\/i><\/strong><\/p>\n<p>Dies sind die Cookies, die f\u00fcr das ordnungsgem\u00e4\u00dfe Funktionieren unserer Website notwendig sind. Sie erm\u00f6glichen dir die Nutzung der Hauptfunktionen unserer Website. Ohne diese Cookies kannst du unsere Website nicht normal nutzen.  <\/p>\n<p><strong><i>Tracking-Cookie<\/i><\/strong><\/p>\n<p>Dies sind die Cookies, die uns helfen, die Nutzung und Leistung unserer Website zu verstehen und deren Funktionalit\u00e4t zu verbessern.<\/p>\n<p><strong><i>Drittanbieter-Cookie<\/i><\/strong><\/p>\n<p>Die am h\u00e4ufigsten verwendeten Drittanbieter-Cookies werden in der Regel von Webanalyse-Diensten und verschiedenen Marketing-Tools eingesetzt. Auf unserer Website werden keine Drittanbieter-Cookies f\u00fcr Werbezwecke verwendet. Indem du weiter surfst, erlaubst du uns, Cookies f\u00fcr die Reichweitenmessung zu setzen.  <\/p>\t\t\t\t\t\t\t\t<\/div>\n\t\t<div class=\"elementor-element elementor-element-e3882a1 e-con-full e-flex e-con e-child\" data-id=\"e3882a1\" data-element_type=\"container\" data-e-type=\"container\">\n\t\t\t\t<div class=\"elementor-element elementor-element-d49f0cf elementor-widget elementor-widget-text-editor\" data-id=\"d49f0cf\" data-element_type=\"widget\" data-e-type=\"widget\" data-widget_type=\"text-editor.default\">\n\t\t\t\t\t\t\t\t\t<p><strong>Cookies akzeptieren oder ablehnen<\/strong><\/p>\n<p>Du kannst diese Cookies jederzeit deaktivieren. Dein Browser kann auch so eingestellt werden, dass er dich \u00fcber Cookies informiert, die auf deinem Ger\u00e4t abgelegt werden, und dich fragt, ob du sie akzeptieren m\u00f6chtest oder nicht. Du kannst Cookies einzeln akzeptieren oder ablehnen oder sie systematisch ein f\u00fcr alle Mal ablehnen.<br>Wir weisen dich darauf hin, dass die Einstellungen deine Zugangsbedingungen zu unseren Diensten, die die Verwendung von Cookies erfordern, \u00e4ndern k\u00f6nnen.<br>Wenn dein Browser so konfiguriert ist, dass er alle Cookies ablehnt, kannst du wesentliche Funktionen unserer Website nicht nutzen. Um die Cookies so auszuw\u00e4hlen, wie es deinen Erwartungen am besten entspricht, bitten wir dich, deinen Browser einzustellen.   <\/p>\t\t\t\t\t\t\t\t<\/div>\n\t\t\t\t<div class=\"elementor-element elementor-element-af81a7b elementor-widget elementor-widget-text-editor\" data-id=\"af81a7b\" data-element_type=\"widget\" data-e-type=\"widget\" data-widget_type=\"text-editor.default\">\n\t\t\t\t\t\t\t\t\t<p><strong>Einstellungen deines Browsers<\/strong><\/p>\n<p>Die Konfiguration jedes Browsers ist unterschiedlich. Sie wird im Hilfemen\u00fc deines Browsers beschrieben, wo du erfahren kannst, wie du deine Cookie-Einstellungen \u00e4ndern kannst. <\/p>\t\t\t\t\t\t\t\t<\/div>\n\t\t\t\t<div class=\"elementor-element elementor-element-33470d2 elementor-widget elementor-widget-text-editor\" data-id=\"33470d2\" data-element_type=\"widget\" data-e-type=\"widget\" data-widget_type=\"text-editor.default\">\n\t\t\t\t\t\t\t\t\t<p><strong>Du kannst Cookies wie folgt deaktivieren:<\/strong><\/p>\t\t\t\t\t\t\t\t<\/div>\n\t\t\t\t<div class=\"elementor-element elementor-element-b6bacfa elementor-widget elementor-widget-text-editor\" data-id=\"b6bacfa\" data-element_type=\"widget\" data-e-type=\"widget\" data-widget_type=\"text-editor.default\">\n\t\t\t\t\t\t\t\t\t<p><strong>Wenn du den Microsoft Edge Browser verwendest<\/strong><br>Klicke in Microsoft Edge auf die Schaltfl\u00e4che \u201eExtras\u201c und dann auf \u201eInternetoptionen\u201c.<br>Klicke auf der Registerkarte \u201eAllgemein\u201c unter \u201eBrowserverlauf\u201c auf \u201eEinstellungen\u201c.<br>Klicke auf die Schaltfl\u00e4che \u201eDateien anzeigen\u201c.<br>Klicke auf die Spalten\u00fcberschrift \u201eName\u201c, um alle Dateien alphabetisch zu sortieren, und scrolle dann durch die Liste, bis du Dateien mit dem Pr\u00e4fix \u201eCookie\u201c siehst. Alle Cookies mit diesem Pr\u00e4fix enthalten normalerweise den Namen der Website, die den Cookie erstellt hat.<br>W\u00e4hle den oder die Cookies mit unserem Domainnamen aus und l\u00f6sche sie.<br>Schlie\u00dfe das Fenster mit der Dateiliste und klicke dann zweimal auf \u201eOK\u201c, um zu Microsoft Edge zur\u00fcckzukehren. <\/p>\t\t\t\t\t\t\t\t<\/div>\n\t\t\t\t<div class=\"elementor-element elementor-element-d3776a0 elementor-widget elementor-widget-text-editor\" data-id=\"d3776a0\" data-element_type=\"widget\" data-e-type=\"widget\" data-widget_type=\"text-editor.default\">\n\t\t\t\t\t\t\t\t\t<p><strong>Wenn du den Firefox Browser verwendest<\/strong><br>Gehe im Browser auf die Registerkarte \u201eExtras\u201c und w\u00e4hle dann das Men\u00fc \u201eOptionen\u201c.<br>W\u00e4hle im angezeigten Fenster \u201eDatenschutz\u201c und klicke auf \u201eCookies anzeigen\u201c.<br>W\u00e4hle den oder die Cookies mit unserem Domainnamen aus und l\u00f6sche sie.<\/p>\t\t\t\t\t\t\t\t<\/div>\n\t\t\t\t<div class=\"elementor-element elementor-element-f1331e4 elementor-widget elementor-widget-text-editor\" data-id=\"f1331e4\" data-element_type=\"widget\" data-e-type=\"widget\" data-widget_type=\"text-editor.default\">\n\t\t\t\t\t\t\t\t\t<p><strong>Wenn du den Safari Browser verwendest<\/strong><br>W\u00e4hle in deinem Browser das Men\u00fc \u201eBearbeiten\u201c &gt; \u201eEinstellungen\u201c.<br>Klicke auf \u201eSicherheit\u201c.<br>Klicke auf \u201eCookies anzeigen\u201c.<br>W\u00e4hle den oder die Cookies mit unserem Domainnamen aus und klicke auf \u201eL\u00f6schen\u201c oder \u201eAlle l\u00f6schen\u201c. Nachdem du die Cookies gel\u00f6scht hast, klicke auf \u201eFertig\u201c. <\/p>\t\t\t\t\t\t\t\t<\/div>\n\t\t\t\t<div class=\"elementor-element elementor-element-dfaa60c elementor-widget elementor-widget-text-editor\" data-id=\"dfaa60c\" data-element_type=\"widget\" data-e-type=\"widget\" data-widget_type=\"text-editor.default\">\n\t\t\t\t\t\t\t\t\t<p><strong>Wenn du den Google Chrome Browser verwendest<\/strong><br>Klicke auf das Symbol f\u00fcr das Men\u00fc \u201eExtras\u201c.<br>W\u00e4hle \u201eOptionen\u201c.<br>Klicke auf die Registerkarte \u201eErweiterte Optionen\u201c und gehe zum Abschnitt \u201eDatenschutz\u201c.<br>Klicke auf die Schaltfl\u00e4che \u201eCookies anzeigen\u201c.<br>W\u00e4hle den oder die Cookies mit unserem Domainnamen aus und l\u00f6sche sie.<br>Klicke auf \u201eSchlie\u00dfen\u201c, um zu deinem Browser zur\u00fcckzukehren.<\/p>\t\t\t\t\t\t\t\t<\/div>\n\t\t\t\t<div class=\"elementor-element elementor-element-f8839ee elementor-widget elementor-widget-text-editor\" data-id=\"f8839ee\" data-element_type=\"widget\" data-e-type=\"widget\" data-widget_type=\"text-editor.default\">\n\t\t\t\t\t\t\t\t\t<p><strong>Teilen-Buttons f\u00fcr soziale Netzwerke<\/strong><\/p>\n<p>Unsere Website kann Anwendungen von Drittanbietern nutzen, die es dir erm\u00f6glichen, Inhalte der Website mit anderen Personen zu teilen oder diesen Personen deine Ansicht oder Meinung zu einem Inhalt unserer Website mitzuteilen.<br>Beispiel: Die \u201eTeilen\u201c-Buttons von sozialen Netzwerken wie \u201eFacebook\u201c, \u201eTwitter\u201c usw.<br>Mehr \u00fcber Cookies auf der Website der CNIL erfahren: <a href=\"https:\/\/www.cnil.fr\/fr\/cookies-et-autres-traceurs\/comment-se-proteger\/maitriser-votre-navigateur\">https:\/\/www.cnil.fr\/fr\/cookies-et-autres-traceurs\/comment-se-proteger\/maitriser-votre-navigateur<\/a> <\/p>\t\t\t\t\t\t\t\t<\/div>\n\t\t\t\t<div class=\"elementor-element elementor-element-dc052f4 elementor-widget elementor-widget-global elementor-global-150 elementor-widget-spacer\" data-id=\"dc052f4\" data-element_type=\"widget\" data-e-type=\"widget\" data-widget_type=\"spacer.default\">\n\t\t\t\t\t\t\t<div class=\"elementor-spacer\">\n\t\t\t<div class=\"elementor-spacer-inner\"><\/div>\n\t\t<\/div>\n\t\t\t\t\t\t<\/div>\n\t\t\t\t<\/div>\n\t\t\t\t\t<\/div>\n\t\t\t\t<\/div>\n\t\t\t\t<\/div>\n\t\t","protected":false},"excerpt":{"rendered":"<p>NATURCAMPINGPLATZ LES GRANDS CHENES ET LES AJONCS Cookies \u201eMehr erfahren\u201c Definition eines Cookies Cookies sind kleine Textdateien, die von Websites auf deinem Ger\u00e4t platziert werden, wenn du im Web surfst. Wie viele andere Websites verwenden wir Cookies, um die Nutzung und Leistung unserer Website zu verstehen und deren Funktionalit\u00e4t zu verbessern. Unter Ger\u00e4t versteht man: [&hellip;]<\/p>\n","protected":false},"author":1,"featured_media":0,"parent":0,"menu_order":0,"comment_status":"closed","ping_status":"closed","template":"","meta":{"_acf_changed":false,"footnotes":""},"class_list":["post-3386","page","type-page","status-publish","hentry"],"acf":[],"yoast_head":"<!-- This site is optimized with the Yoast SEO plugin v26.8 - https:\/\/yoast.com\/product\/yoast-seo-wordpress\/ -->\n<title>Cookies \u201eMehr erfahren\u201c | Camping GCA, Camping in Gironde<\/title>\n<meta name=\"description\" content=\"Cookies \u201eMehr erfahren\u201c-Seite des Camping GCA, Naturcampingplatz in Gironde bei Hourtin in Naujac-sur-Mer.\" \/>\n<meta name=\"robots\" content=\"index, follow, max-snippet:-1, max-image-preview:large, max-video-preview:-1\" \/>\n<link rel=\"canonical\" href=\"https:\/\/www.camping-gca.com\/de\/cookies-verwalten\/\" \/>\n<meta property=\"og:locale\" content=\"de_DE\" \/>\n<meta property=\"og:type\" content=\"article\" \/>\n<meta property=\"og:title\" content=\"Cookies \u201eMehr erfahren\u201c | Camping GCA, Camping in Gironde\" \/>\n<meta property=\"og:description\" content=\"Cookies \u201eMehr erfahren\u201c-Seite des Camping GCA, Naturcampingplatz in Gironde bei Hourtin in Naujac-sur-Mer.\" \/>\n<meta property=\"og:url\" content=\"https:\/\/www.camping-gca.com\/de\/cookies-verwalten\/\" \/>\n<meta property=\"og:site_name\" content=\"Camping GCA\" \/>\n<meta property=\"article:modified_time\" content=\"2025-09-01T12:02:19+00:00\" \/>\n<meta property=\"og:image\" content=\"https:\/\/www.camping-gca.com\/wp-content\/uploads\/2025\/03\/feuilles.png\" \/>\n\t<meta property=\"og:image:width\" content=\"253\" \/>\n\t<meta property=\"og:image:height\" content=\"287\" \/>\n\t<meta property=\"og:image:type\" content=\"image\/png\" \/>\n<meta name=\"twitter:card\" content=\"summary_large_image\" \/>\n<meta name=\"twitter:label1\" content=\"Gesch\u00e4tzte Lesezeit\" \/>\n\t<meta name=\"twitter:data1\" content=\"3\u00a0Minuten\" \/>\n<script type=\"application\/ld+json\" class=\"yoast-schema-graph\">{\"@context\":\"https:\/\/schema.org\",\"@graph\":[{\"@type\":\"WebPage\",\"@id\":\"https:\/\/www.camping-gca.com\/de\/cookies-verwalten\/\",\"url\":\"https:\/\/www.camping-gca.com\/de\/cookies-verwalten\/\",\"name\":\"Cookies \u201eMehr erfahren\u201c | Camping GCA, Camping in Gironde\",\"isPartOf\":{\"@id\":\"https:\/\/www.camping-gca.com\/#website\"},\"primaryImageOfPage\":{\"@id\":\"https:\/\/www.camping-gca.com\/de\/cookies-verwalten\/#primaryimage\"},\"image\":{\"@id\":\"https:\/\/www.camping-gca.com\/de\/cookies-verwalten\/#primaryimage\"},\"thumbnailUrl\":\"https:\/\/www.camping-gca.com\/wp-content\/uploads\/2025\/03\/feuilles.png\",\"datePublished\":\"2025-04-01T09:49:30+00:00\",\"dateModified\":\"2025-09-01T12:02:19+00:00\",\"description\":\"Cookies \u201eMehr erfahren\u201c-Seite des Camping GCA, Naturcampingplatz in Gironde bei Hourtin in Naujac-sur-Mer.\",\"breadcrumb\":{\"@id\":\"https:\/\/www.camping-gca.com\/de\/cookies-verwalten\/#breadcrumb\"},\"inLanguage\":\"de\",\"potentialAction\":[{\"@type\":\"ReadAction\",\"target\":[\"https:\/\/www.camping-gca.com\/de\/cookies-verwalten\/\"]}]},{\"@type\":\"ImageObject\",\"inLanguage\":\"de\",\"@id\":\"https:\/\/www.camping-gca.com\/de\/cookies-verwalten\/#primaryimage\",\"url\":\"https:\/\/www.camping-gca.com\/wp-content\/uploads\/2025\/03\/feuilles.png\",\"contentUrl\":\"https:\/\/www.camping-gca.com\/wp-content\/uploads\/2025\/03\/feuilles.png\"},{\"@type\":\"BreadcrumbList\",\"@id\":\"https:\/\/www.camping-gca.com\/de\/cookies-verwalten\/#breadcrumb\",\"itemListElement\":[{\"@type\":\"ListItem\",\"position\":1,\"name\":\"Accueil\",\"item\":\"https:\/\/www.camping-gca.com\/de\/startseite\/\"},{\"@type\":\"ListItem\",\"position\":2,\"name\":\"Cookies verwalten\"}]},{\"@type\":\"WebSite\",\"@id\":\"https:\/\/www.camping-gca.com\/#website\",\"url\":\"https:\/\/www.camping-gca.com\/\",\"name\":\"Camping GCA\",\"description\":\"\",\"publisher\":{\"@id\":\"https:\/\/www.camping-gca.com\/#organization\"},\"alternateName\":\"Camping GCA\",\"potentialAction\":[{\"@type\":\"SearchAction\",\"target\":{\"@type\":\"EntryPoint\",\"urlTemplate\":\"https:\/\/www.camping-gca.com\/?s={search_term_string}\"},\"query-input\":{\"@type\":\"PropertyValueSpecification\",\"valueRequired\":true,\"valueName\":\"search_term_string\"}}],\"inLanguage\":\"de\"},{\"@type\":\"Organization\",\"@id\":\"https:\/\/www.camping-gca.com\/#organization\",\"name\":\"Camping GCA\",\"alternateName\":\"Camping GCA\",\"url\":\"https:\/\/www.camping-gca.com\/\",\"logo\":{\"@type\":\"ImageObject\",\"inLanguage\":\"de\",\"@id\":\"https:\/\/www.camping-gca.com\/#\/schema\/logo\/image\/\",\"url\":\"\",\"contentUrl\":\"\",\"caption\":\"Camping GCA\"},\"image\":{\"@id\":\"https:\/\/www.camping-gca.com\/#\/schema\/logo\/image\/\"}}]}<\/script>\n<!-- \/ Yoast SEO plugin. -->","yoast_head_json":{"title":"Cookies \u201eMehr erfahren\u201c | Camping GCA, Camping in Gironde","description":"Cookies \u201eMehr erfahren\u201c-Seite des Camping GCA, Naturcampingplatz in Gironde bei Hourtin in Naujac-sur-Mer.","robots":{"index":"index","follow":"follow","max-snippet":"max-snippet:-1","max-image-preview":"max-image-preview:large","max-video-preview":"max-video-preview:-1"},"canonical":"https:\/\/www.camping-gca.com\/de\/cookies-verwalten\/","og_locale":"de_DE","og_type":"article","og_title":"Cookies \u201eMehr erfahren\u201c | Camping GCA, Camping in Gironde","og_description":"Cookies \u201eMehr erfahren\u201c-Seite des Camping GCA, Naturcampingplatz in Gironde bei Hourtin in Naujac-sur-Mer.","og_url":"https:\/\/www.camping-gca.com\/de\/cookies-verwalten\/","og_site_name":"Camping GCA","article_modified_time":"2025-09-01T12:02:19+00:00","og_image":[{"width":253,"height":287,"url":"https:\/\/www.camping-gca.com\/wp-content\/uploads\/2025\/03\/feuilles.png","type":"image\/png"}],"twitter_card":"summary_large_image","twitter_misc":{"Gesch\u00e4tzte Lesezeit":"3\u00a0Minuten"},"schema":{"@context":"https:\/\/schema.org","@graph":[{"@type":"WebPage","@id":"https:\/\/www.camping-gca.com\/de\/cookies-verwalten\/","url":"https:\/\/www.camping-gca.com\/de\/cookies-verwalten\/","name":"Cookies \u201eMehr erfahren\u201c | Camping GCA, Camping in Gironde","isPartOf":{"@id":"https:\/\/www.camping-gca.com\/#website"},"primaryImageOfPage":{"@id":"https:\/\/www.camping-gca.com\/de\/cookies-verwalten\/#primaryimage"},"image":{"@id":"https:\/\/www.camping-gca.com\/de\/cookies-verwalten\/#primaryimage"},"thumbnailUrl":"https:\/\/www.camping-gca.com\/wp-content\/uploads\/2025\/03\/feuilles.png","datePublished":"2025-04-01T09:49:30+00:00","dateModified":"2025-09-01T12:02:19+00:00","description":"Cookies \u201eMehr erfahren\u201c-Seite des Camping GCA, Naturcampingplatz in Gironde bei Hourtin in Naujac-sur-Mer.","breadcrumb":{"@id":"https:\/\/www.camping-gca.com\/de\/cookies-verwalten\/#breadcrumb"},"inLanguage":"de","potentialAction":[{"@type":"ReadAction","target":["https:\/\/www.camping-gca.com\/de\/cookies-verwalten\/"]}]},{"@type":"ImageObject","inLanguage":"de","@id":"https:\/\/www.camping-gca.com\/de\/cookies-verwalten\/#primaryimage","url":"https:\/\/www.camping-gca.com\/wp-content\/uploads\/2025\/03\/feuilles.png","contentUrl":"https:\/\/www.camping-gca.com\/wp-content\/uploads\/2025\/03\/feuilles.png"},{"@type":"BreadcrumbList","@id":"https:\/\/www.camping-gca.com\/de\/cookies-verwalten\/#breadcrumb","itemListElement":[{"@type":"ListItem","position":1,"name":"Accueil","item":"https:\/\/www.camping-gca.com\/de\/startseite\/"},{"@type":"ListItem","position":2,"name":"Cookies verwalten"}]},{"@type":"WebSite","@id":"https:\/\/www.camping-gca.com\/#website","url":"https:\/\/www.camping-gca.com\/","name":"Camping GCA","description":"","publisher":{"@id":"https:\/\/www.camping-gca.com\/#organization"},"alternateName":"Camping GCA","potentialAction":[{"@type":"SearchAction","target":{"@type":"EntryPoint","urlTemplate":"https:\/\/www.camping-gca.com\/?s={search_term_string}"},"query-input":{"@type":"PropertyValueSpecification","valueRequired":true,"valueName":"search_term_string"}}],"inLanguage":"de"},{"@type":"Organization","@id":"https:\/\/www.camping-gca.com\/#organization","name":"Camping GCA","alternateName":"Camping GCA","url":"https:\/\/www.camping-gca.com\/","logo":{"@type":"ImageObject","inLanguage":"de","@id":"https:\/\/www.camping-gca.com\/#\/schema\/logo\/image\/","url":"","contentUrl":"","caption":"Camping GCA"},"image":{"@id":"https:\/\/www.camping-gca.com\/#\/schema\/logo\/image\/"}}]}},"_links":{"self":[{"href":"https:\/\/www.camping-gca.com\/de\/wp-json\/wp\/v2\/pages\/3386","targetHints":{"allow":["GET"]}}],"collection":[{"href":"https:\/\/www.camping-gca.com\/de\/wp-json\/wp\/v2\/pages"}],"about":[{"href":"https:\/\/www.camping-gca.com\/de\/wp-json\/wp\/v2\/types\/page"}],"author":[{"embeddable":true,"href":"https:\/\/www.camping-gca.com\/de\/wp-json\/wp\/v2\/users\/1"}],"replies":[{"embeddable":true,"href":"https:\/\/www.camping-gca.com\/de\/wp-json\/wp\/v2\/comments?post=3386"}],"version-history":[{"count":1,"href":"https:\/\/www.camping-gca.com\/de\/wp-json\/wp\/v2\/pages\/3386\/revisions"}],"predecessor-version":[{"id":3389,"href":"https:\/\/www.camping-gca.com\/de\/wp-json\/wp\/v2\/pages\/3386\/revisions\/3389"}],"wp:attachment":[{"href":"https:\/\/www.camping-gca.com\/de\/wp-json\/wp\/v2\/media?parent=3386"}],"curies":[{"name":"wp","href":"https:\/\/api.w.org\/{rel}","templated":true}]}}